{"id":62,"date":"2020-06-17T21:56:14","date_gmt":"2020-06-17T21:56:14","guid":{"rendered":"https:\/\/www.pradesa.com.mx\/?page_id=62"},"modified":"2023-01-17T18:13:35","modified_gmt":"2023-01-17T18:13:35","slug":"politica-de-privacidad","status":"publish","type":"page","link":"https:\/\/www.pradesa.com.mx\/?page_id=62","title":{"rendered":"Pol\u00edtica de Privacidad"},"content":{"rendered":"\t\t<div data-elementor-type=\"wp-page\" data-elementor-id=\"62\" class=\"elementor elementor-62\" data-elementor-post-type=\"page\">\n\t\t\t\t\t\t<section class=\"elementor-section elementor-top-section elementor-element elementor-element-752accf6 elementor-section-content-middle elementor-section-stretched elementor-section-full_width elementor-section-height-default elementor-section-height-default\" data-id=\"752accf6\" data-element_type=\"section\" data-e-type=\"section\" data-settings=\"{&quot;stretch_section&quot;:&quot;section-stretched&quot;}\">\n\t\t\t\t\t\t<div class=\"elementor-container elementor-column-gap-no\">\n\t\t\t\t\t<div class=\"elementor-column elementor-col-100 elementor-top-column elementor-element elementor-element-3385c350\" data-id=\"3385c350\" data-element_type=\"column\" data-e-type=\"column\">\n\t\t\t<div class=\"elementor-widget-wrap elementor-element-populated\">\n\t\t\t\t\t\t<div class=\"elementor-element elementor-element-1547ae5 elementor-widget elementor-widget-heading\" data-id=\"1547ae5\" data-element_type=\"widget\" data-e-type=\"widget\" data-widget_type=\"heading.default\">\n\t\t\t\t\t<h4 class=\"elementor-heading-title elementor-size-default\">Pol\u00edtica de Privacidad<\/h4>\t\t\t\t<\/div>\n\t\t\t\t<div class=\"elementor-element elementor-element-aadfe4a elementor-widget elementor-widget-text-editor\" data-id=\"aadfe4a\" data-element_type=\"widget\" data-e-type=\"widget\" data-widget_type=\"text-editor.default\">\n\t\t\t\t\t\t\t\t\t<p>AVISO DE PRIVACIDAD<\/p>\n<p>Procesadora de Aceros del Desierto, S.A. de C.V. (el responsable), con domicilio en Carretera Agua Fr\u00eda \u2013 Zuazua Km 2.5 N\u00famero 799 Col. Agua Fr\u00eda, C.P. 66620, de la ciudad de Apodaca, Nuevo Le\u00f3n, as\u00ed como de sus empresas subsidiarias y\/o sus Sucursales en M\u00e9xico (todas en conjunto denominadas \u201cProcesadora de Aceros del Desierto, S.A. de C.V.\u201d), en cumplimiento a la Ley Federal de Protecci\u00f3n de Datos Personales en Posesi\u00f3n de los Particulares vigente en M\u00e9xico, le informamos lo siguiente:<\/p>\n<p>Su informaci\u00f3n personal otorgada en forma directa o a trav\u00e9s de otras fuentes permitidas por la ley de manera libre y voluntaria, ser\u00e1 utilizada para la elaboraci\u00f3n de facturas, as\u00ed como para la correspondiente investigaci\u00f3n en el bur\u00f3 de cr\u00e9dito, informaci\u00f3n de sociedades crediticias y Registro P\u00fablico de la Propiedad, esto para estimar la viabilidad crediticia, vali\u00e9ndose para ello de un an\u00e1lisis a partir de informaci\u00f3n cuantitativa y cualitativa, que permita establecer su solvencia y capacidad de pago, teniendo con ello los elementos suficientes para atender la solicitud de una l\u00ednea de cr\u00e9dito, as\u00ed como para dar y exigir el cumplimiento de obligaciones adquiridas por usted. As\u00ed mismo, la informaci\u00f3n proporcionada por usted, nos servir\u00e1 para evaluar la conveniencia de su contrataci\u00f3n laboral y permanencia dentro de la empresa. Por otra parte, la informaci\u00f3n proporcionada o recabada en los t\u00e9rminos precitados, nos servir\u00e1 para efectuar pagos interbancarios o transferencias, administrara cuentas por pagar, fincar \u00f3rdenes de compra.<\/p>\n<p>En la recolecci\u00f3n y tratamiento de datos personales que sean proporcionados por usted (el titular) para las finalidades antes mencionadas, requerimos obtener la siguiente informaci\u00f3n, misma que podr\u00e1n incluir de manera enunciativa m\u00e1s no limitativa: Nombre o Raz\u00f3n Social, estado civil, nombre de la esposa(o), domicilios, n\u00fameros telef\u00f3nicos, correo electr\u00f3nico, datos de bienes muebles e inmuebles, fotograf\u00edas de dichos bienes, referencias personales, bancarias y comerciales, as\u00ed como datos financieros y\/o fiscales, , y en su caso nombre de los accionistas, datos y poder del representante de la sociedad, experiencia laboral y comercial, trabajos desempe\u00f1ados, salarios percibidos, ingresos anuales, numero de dependientes econ\u00f3micos, impedimentos para viajar, clabe interbancaria, datos e identificaci\u00f3n de las personas que nos podr\u00e1n atender, as\u00ed como sus correos electr\u00f3nicos. En caso de no contar con esta informaci\u00f3n no estar\u00edamos en posibilidad de otorgar facturas ni una l\u00ednea de cr\u00e9dito, experiencia laboral Por la presente expresamente autoriza a Procesadora de Aceros del Desierto, S.A. de C.V., para que solicite informaci\u00f3n de operaciones de cr\u00e9dito y otras de naturaleza an\u00e1loga que tenga&nbsp; <span style=\"font-size: inherit; text-align: inherit;\">celebrada o haya celebrado con entidades financieras y empresas comerciales, a las sociedades de informaci\u00f3n crediticia, sociedades de investigaci\u00f3n comercial; tambi\u00e9n nos autoriza a consultar y verificar por cualquier medio la informaci\u00f3n proporcionada por Usted, as\u00ed mismo nos autoriza para que toda la informaci\u00f3n que nos ha proporcionado, en especial la financiera y patrimonial, as\u00ed como la obtenida de las sociedades de informaci\u00f3n crediticia, sea divulgada y compartida con las dem\u00e1s sucursales pertenecientes a Procesadora de Aceros del Desierto, S.A. de C.V., y sus dem\u00e1s subsidiarias, en el entendido de que declara expresamente que tiene pleno conocimiento de la naturaleza y alcance de la informaci\u00f3n que ser\u00e1 proporcionada por las sociedades en menci\u00f3n, as\u00ed como del uso que Procesadora de Aceros del Desierto, S.A. de C.V., har\u00e1 de tal informaci\u00f3n y que nos faculta para realizar consultas peri\u00f3dicas del historial crediticio durante todo el tiempo en que se mantenga vigente esta relaci\u00f3n comercial.<\/span><\/p>\n<p>De igual manera Procesadora de Aceros del Desierto, S.A. de C.V., podr\u00e1 sin fines comerciales, compartir o transmitir sus datos personales o los de la empresa que representa, con sus empresas subsidiarias o sucursales para los mismos fines establecidos. En ning\u00fan caso comercializaremos, venderemos o rentaremos los datos personales en menci\u00f3n a un tercero sin un consentimiento previo de su parte. Los datos personales o de la empresa que representa que usted proporcione podr\u00e1n compilarse y fijarse en una base de datos propiedad exclusiva de Procesadora de Aceros del Desierto, S.A. de C.V.<\/p>\n<p>El titular no proporcionara en ning\u00fan caso al responsable \u201cdatos personales sensibles\u201d, es decir aquellos datos personales \u00edntimos o cuya utilizaci\u00f3n debida o indebida puedan dar origen a discriminaci\u00f3n o conlleve un riesgo grave para este. Usted tiene derecho de acceder, rectificar y cancelar sus datos personales, as\u00ed como de oponerse al tratamiento de los mismos o revocar el consentimiento que para tal fin nos haya otorgado, a trav\u00e9s de los procedimientos que hemos implementado. Para conocer dichos procedimientos, los requisitos y plazos, se pueden poner en contacto con nuestra Unidad de protecci\u00f3n de datos personales en Carretera Agua Fr\u00eda \u2013 Zuazua Km 2.5 N\u00famero 799 Col. Agua Fr\u00eda, C.P. 66620, de la ciudad de Apodaca, Nuevo Le\u00f3n, o al 81-9690-1370 en horario de oficina, ventas@pradesa.com.mx o visitar nuestra p\u00e1gina de internet <a href=\"http:\/\/www.pradesa.com.mx\">www.pradesa.com.mx<\/a><\/p>\n<p><span style=\"font-size: inherit; text-align: inherit;\">Usted acepta que sus datos personales pueden ser transferidos y tratados dentro y fuera del pa\u00eds, por personas distintas a Procesadora de Aceros del Desierto, S.A. de C.V.&nbsp; En este sentido, su informaci\u00f3n puede ser compartida con sociedades de investigaci\u00f3n comercial para la correspondiente investigaci\u00f3n de datos proporcionados as\u00ed como de sus referencias y datos financieros. En dichos supuestos, le informamos que Procesadora de Aceros del Desierto, S.A. de C.V. adoptar\u00e1 las medidas necesarias para que las personas que tengan acceso a sus datos personales cumplan con la pol\u00edtica de privacidad de nuestra empresa, as\u00ed como con los principios de protecci\u00f3n de datos personales establecidos en la Ley. Si usted no acepta y quiere evitar que sus datos est\u00e9n sujetos a transferencia, entonces debe omitir la entrega de documentos o cualquier informaci\u00f3n.<\/span><\/p>\n<p>Nos reservamos el derecho de hacer cualquier modificaci\u00f3n a este aviso de privacidad, esto atendiendo novedades legislativas, criterios jurisprudenciales, tratados internacionales signados por nuestro pa\u00eds con respecto a la materia, as\u00ed como pol\u00edticas internas o nuevos requerimientos para la prestaci\u00f3n u ofrecimiento de nuestros servicios, estas modificaciones podr\u00e1 consultarlas en nuestra p\u00e1gina de internet www.pradesa.com.mx* Es obligaci\u00f3n del titular visitar peri\u00f3dicamente dicho sitio a fin de verificar la versi\u00f3n m\u00e1s actual del Aviso de Privacidad.<\/p>\n<p>ATENTAMENTE:<\/p>\n<p>Gerencia General<\/p>\n<p>Procesadora de Aceros del Desierto, S.A. de C.V.&nbsp;y Empresas filiales.<br>Carretera Agua Fr\u00eda \u2013 Zuazua Km 2.5 N\u00famero 799 Col. Agua Fr\u00eda, C.P. 66620, Apodaca, Nuevo Le\u00f3n<\/p>\t\t\t\t\t\t\t\t<\/div>\n\t\t\t\t\t<\/div>\n\t\t<\/div>\n\t\t\t\t\t<\/div>\n\t\t<\/section>\n\t\t\t\t<\/div>\n\t\t","protected":false},"excerpt":{"rendered":"<p>Pol\u00edtica de Privacidad AVISO DE PRIVACIDAD Procesadora de Aceros del Desierto, S.A. de C.V. (el responsable), con domicilio en Carretera Agua Fr\u00eda \u2013 Zuazua Km 2.5 N\u00famero 799 Col. Agua Fr\u00eda, C.P. 66620, de la ciudad de Apodaca, Nuevo Le\u00f3n, as\u00ed como de sus empresas subsidiarias y\/o sus Sucursales en M\u00e9xico (todas en conjunto denominadas [&hellip;]<\/p>\n","protected":false},"author":1,"featured_media":0,"parent":0,"menu_order":0,"comment_status":"closed","ping_status":"closed","template":"","meta":{"footnotes":""},"class_list":["post-62","page","type-page","status-publish","hentry"],"_links":{"self":[{"href":"https:\/\/www.pradesa.com.mx\/index.php?rest_route=\/wp\/v2\/pages\/62","targetHints":{"allow":["GET"]}}],"collection":[{"href":"https:\/\/www.pradesa.com.mx\/index.php?rest_route=\/wp\/v2\/pages"}],"about":[{"href":"https:\/\/www.pradesa.com.mx\/index.php?rest_route=\/wp\/v2\/types\/page"}],"author":[{"embeddable":true,"href":"https:\/\/www.pradesa.com.mx\/index.php?rest_route=\/wp\/v2\/users\/1"}],"replies":[{"embeddable":true,"href":"https:\/\/www.pradesa.com.mx\/index.php?rest_route=%2Fwp%2Fv2%2Fcomments&post=62"}],"version-history":[{"count":21,"href":"https:\/\/www.pradesa.com.mx\/index.php?rest_route=\/wp\/v2\/pages\/62\/revisions"}],"predecessor-version":[{"id":2231,"href":"https:\/\/www.pradesa.com.mx\/index.php?rest_route=\/wp\/v2\/pages\/62\/revisions\/2231"}],"wp:attachment":[{"href":"https:\/\/www.pradesa.com.mx\/index.php?rest_route=%2Fwp%2Fv2%2Fmedia&parent=62"}],"curies":[{"name":"wp","href":"https:\/\/api.w.org\/{rel}","templated":true}]}}